{"id":296,"date":"2022-01-16T10:57:56","date_gmt":"2022-01-16T13:57:56","guid":{"rendered":"https:\/\/targetaventura.com.br\/campanhas\/?page_id=296"},"modified":"2022-01-16T11:00:17","modified_gmt":"2022-01-16T14:00:17","slug":"termos-de-uso","status":"publish","type":"page","link":"https:\/\/targetaventura.com.br\/campanhas\/termos-de-uso\/","title":{"rendered":"Termos de Uso"},"content":{"rendered":"\t\t<div data-elementor-type=\"wp-page\" data-elementor-id=\"296\" class=\"elementor elementor-296\">\n\t\t\t\t\t\t<section class=\"elementor-section elementor-top-section elementor-element elementor-element-bd6eced elementor-section-boxed elementor-section-height-default elementor-section-height-default\" data-id=\"bd6eced\" data-element_type=\"section\">\n\t\t\t\t\t\t<div class=\"elementor-container elementor-column-gap-default\">\n\t\t\t\t\t<div class=\"elementor-column elementor-col-100 elementor-top-column elementor-element elementor-element-6cceff2\" data-id=\"6cceff2\" data-element_type=\"column\">\n\t\t\t<div class=\"elementor-widget-wrap elementor-element-populated\">\n\t\t\t\t\t\t<div class=\"elementor-element elementor-element-41b1659 elementor-widget elementor-widget-heading\" data-id=\"41b1659\" data-element_type=\"widget\" data-widget_type=\"heading.default\">\n\t\t\t\t<div class=\"elementor-widget-container\">\n\t\t\t\t\t<h6 class=\"elementor-heading-title elementor-size-default\">pol\u00edticas  <\/h6>\t\t\t\t<\/div>\n\t\t\t\t<\/div>\n\t\t\t\t<div class=\"elementor-element elementor-element-478dea2b elementor-widget elementor-widget-heading\" data-id=\"478dea2b\" data-element_type=\"widget\" data-widget_type=\"heading.default\">\n\t\t\t\t<div class=\"elementor-widget-container\">\n\t\t\t\t\t<h2 class=\"elementor-heading-title elementor-size-default\">termos de uso<\/h2>\t\t\t\t<\/div>\n\t\t\t\t<\/div>\n\t\t\t\t<div class=\"elementor-element elementor-element-467ff747 elementor-widget-divider--view-line_icon elementor-widget-divider--separator-type-pattern elementor-widget-divider--no-spacing elementor-view-default elementor-widget-divider--element-align-center elementor-widget elementor-widget-divider\" data-id=\"467ff747\" data-element_type=\"widget\" data-widget_type=\"divider.default\">\n\t\t\t\t<div class=\"elementor-widget-container\">\n\t\t\t\t\t\t\t<div class=\"elementor-divider\" style=\"--divider-pattern-url: url(&quot;data:image\/svg+xml,%3Csvg xmlns=&#039;http:\/\/www.w3.org\/2000\/svg&#039; preserveAspectRatio=&#039;xMidYMid meet&#039; overflow=&#039;visible&#039; height=&#039;100%&#039; viewBox=&#039;0 0 126 26&#039; fill=&#039;black&#039; stroke=&#039;none&#039;%3E%3Cpath d=&#039;M3,10.2c2.6,0,2.6,2,2.6,3.2S4.4,16.5,3,16.5s-3-1.4-3-3.2S0.4,10.2,3,10.2z M18.8,10.2c1.7,0,3.2,1.4,3.2,3.2s-1.4,3.2-3.2,3.2c-1.7,0-3.2-1.4-3.2-3.2S17,10.2,18.8,10.2z M34.6,10.2c1.5,0,2.6,1.4,2.6,3.2s-0.5,3.2-1.9,3.2c-1.5,0-3.4-1.4-3.4-3.2S33.1,10.2,34.6,10.2z M50.5,10.2c1.7,0,3.2,1.4,3.2,3.2s-1.4,3.2-3.2,3.2c-1.7,0-3.3-0.9-3.3-2.6S48.7,10.2,50.5,10.2z M66.2,10.2c1.5,0,3.4,1.4,3.4,3.2s-1.9,3.2-3.4,3.2c-1.5,0-2.6-0.4-2.6-2.1S64.8,10.2,66.2,10.2z M82.2,10.2c1.7,0.8,2.6,1.4,2.6,3.2s-0.1,3.2-1.6,3.2c-1.5,0-3.7-1.4-3.7-3.2S80.5,9.4,82.2,10.2zM98.6,10.2c1.5,0,2.6,0.4,2.6,2.1s-1.2,4.2-2.6,4.2c-1.5,0-3.7-0.4-3.7-2.1S97.1,10.2,98.6,10.2z M113.4,10.2c1.2,0,2.2,0.9,2.2,3.2s-0.1,3.2-1.3,3.2s-3.1-1.4-3.1-3.2S112.2,10.2,113.4,10.2z&#039;\/%3E%3C\/svg%3E&quot;);\">\n\t\t\t<span class=\"elementor-divider-separator\">\n\t\t\t\t\t\t\t<div class=\"elementor-icon elementor-divider__element\">\n\t\t\t\t\t<i aria-hidden=\"true\" class=\"fas fa-location-arrow\"><\/i><\/div>\n\t\t\t\t\t\t<\/span>\n\t\t<\/div>\n\t\t\t\t\t\t<\/div>\n\t\t\t\t<\/div>\n\t\t\t\t<div class=\"elementor-element elementor-element-468a74b9 elementor-widget elementor-widget-text-editor\" data-id=\"468a74b9\" data-element_type=\"widget\" data-widget_type=\"text-editor.default\">\n\t\t\t\t<div class=\"elementor-widget-container\">\n\t\t\t\t\t\t\t\t\t<h2>1. Termos<\/h2>            <p>Ao acessar ao site <a href='https:\/\/targetaventura.com.br\/'>TARGET Ecoturismo<\/a>, concorda em cumprir estes termos de servi\u00e7o, todas as leis e regulamentos aplic\u00e1veis \u200b\u200be concorda que \u00e9 respons\u00e1vel pelo cumprimento de todas as leis locais aplic\u00e1veis. Se voc\u00ea n\u00e3o concordar com algum                desses termos, est\u00e1 proibido de usar ou acessar este site. Os materiais contidos neste site s\u00e3o protegidos pelas leis de direitos autorais e marcas comerciais aplic\u00e1veis.<\/p>            <h2>2. Uso de Licen\u00e7a<\/h2>            <p>\u00c9 concedida permiss\u00e3o para baixar temporariamente uma c\u00f3pia dos materiais (informa\u00e7\u00f5es ou software) no site TARGET Ecoturismo , apenas para visualiza\u00e7\u00e3o transit\u00f3ria pessoal e n\u00e3o comercial. Esta \u00e9 a concess\u00e3o de uma licen\u00e7a, n\u00e3o uma transfer\u00eancia de t\u00edtulo e,                sob esta licen\u00e7a, voc\u00ea n\u00e3o pode:\u00a0<\/p>            <ol>            <li>modificar ou copiar os materiais;\u00a0 <\/li>            <li>usar os materiais para qualquer finalidade comercial ou para exibi\u00e7\u00e3o p\u00fablica (comercial ou n\u00e3o comercial);\u00a0 <\/li>            <li>tentar descompilar ou fazer engenharia reversa de qualquer software contido no site TARGET Ecoturismo;\u00a0 <\/li>            <li>remover quaisquer direitos autorais ou outras nota\u00e7\u00f5es de propriedade dos materiais; ou\u00a0 <\/li>            <li>transferir os materiais para outra pessoa ou &#8216;espelhe&#8217; os materiais em qualquer outro servidor.<\/li>            <\/ol>            <p>Esta licen\u00e7a ser\u00e1 automaticamente rescindida se voc\u00ea violar alguma dessas restri\u00e7\u00f5es e poder\u00e1 ser rescindida por TARGET Ecoturismo a qualquer momento. Ao encerrar a visualiza\u00e7\u00e3o desses materiais ou ap\u00f3s o t\u00e9rmino desta licen\u00e7a, voc\u00ea deve apagar todos os materiais                baixados em sua posse, seja em formato eletr\u00f3nico ou impresso.<\/p>            <h2>3. Isen\u00e7\u00e3o de responsabilidade<\/h2>            <ol>            <li>Os materiais no site da TARGET Ecoturismo s\u00e3o fornecidos &#8216;como est\u00e3o&#8217;. TARGET Ecoturismo n\u00e3o oferece garantias, expressas ou impl\u00edcitas, e, por este meio, isenta e nega todas as outras garantias, incluindo, sem limita\u00e7\u00e3o, garantias impl\u00edcitas ou condi\u00e7\u00f5es de comercializa\u00e7\u00e3o,            adequa\u00e7\u00e3o a um fim espec\u00edfico ou n\u00e3o viola\u00e7\u00e3o de propriedade intelectual ou outra viola\u00e7\u00e3o de direitos. <\/li>            <li>Al\u00e9m disso, o TARGET Ecoturismo n\u00e3o garante ou faz qualquer representa\u00e7\u00e3o relativa \u00e0 precis\u00e3o, aos resultados prov\u00e1veis \u200b\u200bou \u00e0 confiabilidade do uso dos            materiais em seu site ou de outra forma relacionado a esses materiais ou em sites vinculados a este site.<\/li>            <\/ol>            <h2>4. Limita\u00e7\u00f5es<\/h2>            <p>Em nenhum caso o TARGET Ecoturismo ou seus fornecedores ser\u00e3o respons\u00e1veis \u200b\u200bpor quaisquer danos (incluindo, sem limita\u00e7\u00e3o, danos por perda de dados ou lucro ou devido a interrup\u00e7\u00e3o dos neg\u00f3cios) decorrentes do uso ou da incapacidade de usar os materiais em TARGET Ecoturismo,                mesmo que TARGET Ecoturismo ou um representante autorizado da TARGET Ecoturismo tenha sido notificado oralmente ou por escrito da possibilidade de tais danos. Como algumas jurisdi\u00e7\u00f5es n\u00e3o permitem limita\u00e7\u00f5es em garantias impl\u00edcitas, ou limita\u00e7\u00f5es de responsabilidade                por danos conseq\u00fcentes ou incidentais, essas limita\u00e7\u00f5es podem n\u00e3o se aplicar a voc\u00ea.<\/p>            <h2>5. Precis\u00e3o dos materiais<\/h2>            <p>Os materiais exibidos no site da TARGET Ecoturismo podem incluir erros t\u00e9cnicos, tipogr\u00e1ficos ou fotogr\u00e1ficos. TARGET Ecoturismo n\u00e3o garante que qualquer material em seu site seja preciso, completo ou atual. TARGET Ecoturismo pode fazer altera\u00e7\u00f5es nos materiais contidos em seu                site a qualquer momento, sem aviso pr\u00e9vio. No entanto, TARGET Ecoturismo n\u00e3o se compromete a atualizar os materiais.<\/p>            <h2>6. Links<\/h2>            <p>O TARGET Ecoturismo n\u00e3o analisou todos os sites vinculados ao seu site e n\u00e3o \u00e9 respons\u00e1vel pelo conte\u00fado de nenhum site vinculado. A inclus\u00e3o de qualquer link n\u00e3o implica endosso por TARGET Ecoturismo do site. O uso de qualquer site vinculado \u00e9 por conta e risco do usu\u00e1rio.<\/p>            <\/p>            <h3>Modifica\u00e7\u00f5es<\/h3>            <p>O TARGET Ecoturismo pode revisar estes termos de servi\u00e7o do site a qualquer momento, sem aviso pr\u00e9vio. Ao usar este site, voc\u00ea concorda em ficar vinculado \u00e0 vers\u00e3o atual desses termos de servi\u00e7o.<\/p>            <h3>Lei aplic\u00e1vel<\/h3>            <p>Estes termos e condi\u00e7\u00f5es s\u00e3o regidos e interpretados de acordo com as leis do TARGET Ecoturismo e voc\u00ea se submete irrevogavelmente \u00e0 jurisdi\u00e7\u00e3o exclusiva dos tribunais naquele estado ou localidade.<\/p>\t\t\t\t\t\t\t\t<\/div>\n\t\t\t\t<\/div>\n\t\t\t\t\t<\/div>\n\t\t<\/div>\n\t\t\t\t\t<\/div>\n\t\t<\/section>\n\t\t\t\t<section class=\"elementor-section elementor-top-section elementor-element elementor-element-38fa50ee elementor-section-content-middle elementor-section-boxed elementor-section-height-default elementor-section-height-default\" data-id=\"38fa50ee\" data-element_type=\"section\" data-settings=\"{&quot;background_background&quot;:&quot;classic&quot;}\">\n\t\t\t\t\t\t\t<div class=\"elementor-background-overlay\"><\/div>\n\t\t\t\t\t\t\t<div class=\"elementor-container elementor-column-gap-no\">\n\t\t\t\t\t<div class=\"elementor-column elementor-col-33 elementor-top-column elementor-element elementor-element-2d8b0d5f\" data-id=\"2d8b0d5f\" data-element_type=\"column\">\n\t\t\t<div class=\"elementor-widget-wrap elementor-element-populated\">\n\t\t\t\t\t\t<div class=\"elementor-element elementor-element-12172990 elementor-align-left elementor-mobile-align-center elementor-tablet-align-center elementor-icon-list--layout-inline elementor-list-item-link-full_width elementor-widget elementor-widget-icon-list\" data-id=\"12172990\" data-element_type=\"widget\" data-widget_type=\"icon-list.default\">\n\t\t\t\t<div class=\"elementor-widget-container\">\n\t\t\t\t\t\t\t<ul class=\"elementor-icon-list-items elementor-inline-items\">\n\t\t\t\t\t\t\t<li class=\"elementor-icon-list-item elementor-inline-item\">\n\t\t\t\t\t\t\t\t\t\t\t<a href=\"https:\/\/targetaventura.com.br\/campanhas\/politica-de-privacidade\/\">\n\n\t\t\t\t\t\t\t\t\t\t\t\t<span class=\"elementor-icon-list-icon\">\n\t\t\t\t\t\t\t\t\t\t\t\t\t<\/span>\n\t\t\t\t\t\t\t\t\t\t<span class=\"elementor-icon-list-text\">Pol\u00edtica de Privacidade<\/span>\n\t\t\t\t\t\t\t\t\t\t\t<\/a>\n\t\t\t\t\t\t\t\t\t<\/li>\n\t\t\t\t\t\t\t\t<li class=\"elementor-icon-list-item elementor-inline-item\">\n\t\t\t\t\t\t\t\t\t\t\t<a href=\"https:\/\/targetaventura.com.br\/campanhas\/termos-de-uso\/\">\n\n\t\t\t\t\t\t\t\t\t\t\t\t<span class=\"elementor-icon-list-icon\">\n\t\t\t\t\t\t\t\t\t\t\t\t\t<\/span>\n\t\t\t\t\t\t\t\t\t\t<span class=\"elementor-icon-list-text\">Termos de Uso<\/span>\n\t\t\t\t\t\t\t\t\t\t\t<\/a>\n\t\t\t\t\t\t\t\t\t<\/li>\n\t\t\t\t\t\t<\/ul>\n\t\t\t\t\t\t<\/div>\n\t\t\t\t<\/div>\n\t\t\t\t\t<\/div>\n\t\t<\/div>\n\t\t\t\t<div class=\"elementor-column elementor-col-33 elementor-top-column elementor-element elementor-element-40e30c2c\" data-id=\"40e30c2c\" data-element_type=\"column\">\n\t\t\t<div class=\"elementor-widget-wrap elementor-element-populated\">\n\t\t\t\t\t\t<div class=\"elementor-element elementor-element-7df1471 elementor-widget elementor-widget-image\" data-id=\"7df1471\" data-element_type=\"widget\" data-widget_type=\"image.default\">\n\t\t\t\t<div class=\"elementor-widget-container\">\n\t\t\t\t\t\t\t\t\t\t\t\t\t\t\t<img fetchpriority=\"high\" decoding=\"async\" width=\"800\" height=\"800\" src=\"https:\/\/targetaventura.com.br\/campanhas\/wp-content\/uploads\/2022\/01\/logo.jpg\" class=\"attachment-large size-large wp-image-102\" alt=\"\" srcset=\"https:\/\/targetaventura.com.br\/campanhas\/wp-content\/uploads\/2022\/01\/logo.jpg 800w, https:\/\/targetaventura.com.br\/campanhas\/wp-content\/uploads\/2022\/01\/logo-300x300.jpg 300w, https:\/\/targetaventura.com.br\/campanhas\/wp-content\/uploads\/2022\/01\/logo-100x100.jpg 100w, https:\/\/targetaventura.com.br\/campanhas\/wp-content\/uploads\/2022\/01\/logo-600x600.jpg 600w, https:\/\/targetaventura.com.br\/campanhas\/wp-content\/uploads\/2022\/01\/logo-150x150.jpg 150w, https:\/\/targetaventura.com.br\/campanhas\/wp-content\/uploads\/2022\/01\/logo-768x768.jpg 768w\" sizes=\"(max-width: 800px) 100vw, 800px\" \/>\t\t\t\t\t\t\t\t\t\t\t\t\t\t\t<\/div>\n\t\t\t\t<\/div>\n\t\t\t\t\t<\/div>\n\t\t<\/div>\n\t\t\t\t<div class=\"elementor-column elementor-col-33 elementor-top-column elementor-element elementor-element-5536ad73\" data-id=\"5536ad73\" data-element_type=\"column\">\n\t\t\t<div class=\"elementor-widget-wrap elementor-element-populated\">\n\t\t\t\t\t\t<div class=\"elementor-element elementor-element-58722a64 elementor-widget elementor-widget-text-editor\" data-id=\"58722a64\" data-element_type=\"widget\" data-widget_type=\"text-editor.default\">\n\t\t\t\t<div class=\"elementor-widget-container\">\n\t\t\t\t\t\t\t\t\t<p>Copyright \u00a9 2022 TARGET ECOTURISMO<\/p>\t\t\t\t\t\t\t\t<\/div>\n\t\t\t\t<\/div>\n\t\t\t\t\t<\/div>\n\t\t<\/div>\n\t\t\t\t\t<\/div>\n\t\t<\/section>\n\t\t\t\t<\/div>\n\t\t","protected":false},"excerpt":{"rendered":"<p>pol\u00edticas termos de uso 1. Termos Ao acessar ao site TARGET Ecoturismo, concorda em cumprir estes termos de servi\u00e7o, todas as leis e regulamentos aplic\u00e1veis \u200b\u200be concorda que \u00e9 respons\u00e1vel pelo cumprimento de todas as leis locais aplic\u00e1veis. Se voc\u00ea n\u00e3o concordar com algum desses termos, est\u00e1 proibido de usar ou acessar este site. Os [&hellip;]<\/p>\n","protected":false},"author":1,"featured_media":0,"parent":0,"menu_order":0,"comment_status":"closed","ping_status":"closed","template":"elementor_canvas","meta":{"ngg_post_thumbnail":0,"footnotes":""},"class_list":["post-296","page","type-page","status-publish","hentry"],"yoast_head":"<!-- This site is optimized with the Yoast SEO plugin v27.2 - https:\/\/yoast.com\/product\/yoast-seo-wordpress\/ -->\n<title>Termos de Uso - TARGET Trekking Tours<\/title>\n<meta name=\"robots\" content=\"index, follow, max-snippet:-1, max-image-preview:large, max-video-preview:-1\" \/>\n<link rel=\"canonical\" href=\"https:\/\/targetaventura.com.br\/campanhas\/termos-de-uso\/\" \/>\n<meta property=\"og:locale\" content=\"pt_BR\" \/>\n<meta property=\"og:type\" content=\"article\" \/>\n<meta property=\"og:title\" content=\"Termos de Uso - TARGET Trekking Tours\" \/>\n<meta property=\"og:description\" content=\"pol\u00edticas termos de uso 1. Termos Ao acessar ao site TARGET Ecoturismo, concorda em cumprir estes termos de servi\u00e7o, todas as leis e regulamentos aplic\u00e1veis \u200b\u200be concorda que \u00e9 respons\u00e1vel pelo cumprimento de todas as leis locais aplic\u00e1veis. Se voc\u00ea n\u00e3o concordar com algum desses termos, est\u00e1 proibido de usar ou acessar este site. Os [&hellip;]\" \/>\n<meta property=\"og:url\" content=\"https:\/\/targetaventura.com.br\/campanhas\/termos-de-uso\/\" \/>\n<meta property=\"og:site_name\" content=\"TARGET Trekking Tours\" \/>\n<meta property=\"article:publisher\" content=\"https:\/\/www.facebook.com\/targettrekking\" \/>\n<meta property=\"article:modified_time\" content=\"2022-01-16T14:00:17+00:00\" \/>\n<meta property=\"og:image\" content=\"https:\/\/targetaventura.com.br\/campanhas\/wp-content\/uploads\/2022\/01\/logo.jpg\" \/>\n<meta name=\"twitter:card\" content=\"summary_large_image\" \/>\n<meta name=\"twitter:label1\" content=\"Est. tempo de leitura\" \/>\n\t<meta name=\"twitter:data1\" content=\"3 minutos\" \/>\n<script type=\"application\/ld+json\" class=\"yoast-schema-graph\">{\"@context\":\"https:\/\/schema.org\",\"@graph\":[{\"@type\":\"WebPage\",\"@id\":\"https:\/\/targetaventura.com.br\/campanhas\/termos-de-uso\/\",\"url\":\"https:\/\/targetaventura.com.br\/campanhas\/termos-de-uso\/\",\"name\":\"Termos de Uso - TARGET Trekking Tours\",\"isPartOf\":{\"@id\":\"https:\/\/targetaventura.com.br\/campanhas\/#website\"},\"primaryImageOfPage\":{\"@id\":\"https:\/\/targetaventura.com.br\/campanhas\/termos-de-uso\/#primaryimage\"},\"image\":{\"@id\":\"https:\/\/targetaventura.com.br\/campanhas\/termos-de-uso\/#primaryimage\"},\"thumbnailUrl\":\"https:\/\/targetaventura.com.br\/campanhas\/wp-content\/uploads\/2022\/01\/logo.jpg\",\"datePublished\":\"2022-01-16T13:57:56+00:00\",\"dateModified\":\"2022-01-16T14:00:17+00:00\",\"breadcrumb\":{\"@id\":\"https:\/\/targetaventura.com.br\/campanhas\/termos-de-uso\/#breadcrumb\"},\"inLanguage\":\"pt-BR\",\"potentialAction\":[{\"@type\":\"ReadAction\",\"target\":[\"https:\/\/targetaventura.com.br\/campanhas\/termos-de-uso\/\"]}]},{\"@type\":\"ImageObject\",\"inLanguage\":\"pt-BR\",\"@id\":\"https:\/\/targetaventura.com.br\/campanhas\/termos-de-uso\/#primaryimage\",\"url\":\"https:\/\/targetaventura.com.br\/campanhas\/wp-content\/uploads\/2022\/01\/logo.jpg\",\"contentUrl\":\"https:\/\/targetaventura.com.br\/campanhas\/wp-content\/uploads\/2022\/01\/logo.jpg\",\"width\":800,\"height\":800},{\"@type\":\"BreadcrumbList\",\"@id\":\"https:\/\/targetaventura.com.br\/campanhas\/termos-de-uso\/#breadcrumb\",\"itemListElement\":[{\"@type\":\"ListItem\",\"position\":1,\"name\":\"In\u00edcio\",\"item\":\"https:\/\/targetaventura.com.br\/campanhas\/\"},{\"@type\":\"ListItem\",\"position\":2,\"name\":\"Termos de Uso\"}]},{\"@type\":\"WebSite\",\"@id\":\"https:\/\/targetaventura.com.br\/campanhas\/#website\",\"url\":\"https:\/\/targetaventura.com.br\/campanhas\/\",\"name\":\"TARGET Trekking Tours\",\"description\":\"\",\"publisher\":{\"@id\":\"https:\/\/targetaventura.com.br\/campanhas\/#organization\"},\"potentialAction\":[{\"@type\":\"SearchAction\",\"target\":{\"@type\":\"EntryPoint\",\"urlTemplate\":\"https:\/\/targetaventura.com.br\/campanhas\/?s={search_term_string}\"},\"query-input\":{\"@type\":\"PropertyValueSpecification\",\"valueRequired\":true,\"valueName\":\"search_term_string\"}}],\"inLanguage\":\"pt-BR\"},{\"@type\":\"Organization\",\"@id\":\"https:\/\/targetaventura.com.br\/campanhas\/#organization\",\"name\":\"TARGET Trekking Tours\",\"url\":\"https:\/\/targetaventura.com.br\/campanhas\/\",\"logo\":{\"@type\":\"ImageObject\",\"inLanguage\":\"pt-BR\",\"@id\":\"https:\/\/targetaventura.com.br\/campanhas\/#\/schema\/logo\/image\/\",\"url\":\"https:\/\/targetaventura.com.br\/campanhas\/wp-content\/uploads\/2024\/12\/Logo-Target-Trekking-Tours-Verde-Escuro-fundo-Verde-Claro.png\",\"contentUrl\":\"https:\/\/targetaventura.com.br\/campanhas\/wp-content\/uploads\/2024\/12\/Logo-Target-Trekking-Tours-Verde-Escuro-fundo-Verde-Claro.png\",\"width\":1135,\"height\":1134,\"caption\":\"TARGET Trekking Tours\"},\"image\":{\"@id\":\"https:\/\/targetaventura.com.br\/campanhas\/#\/schema\/logo\/image\/\"},\"sameAs\":[\"https:\/\/www.facebook.com\/targettrekking\",\"https:\/\/www.instagram.com\/targettrekking\/\",\"https:\/\/www.youtube.com\/targetaventura\",\"https:\/\/www.tiktok.com\/@targetaventura?_t=8iTjWhP936U&_r=1\",\"https:\/\/open.spotify.com\/playlist\/0rc7qrXuu7622CjNLucShx?si=cxMYkXhZQEOdi7LoEtSsWg&pi=u-i0lzhwRFTx2F\",\"http:\/\/bit.ly\/TripAdvTARGET\"]}]}<\/script>\n<!-- \/ Yoast SEO plugin. -->","yoast_head_json":{"title":"Termos de Uso - TARGET Trekking Tours","robots":{"index":"index","follow":"follow","max-snippet":"max-snippet:-1","max-image-preview":"max-image-preview:large","max-video-preview":"max-video-preview:-1"},"canonical":"https:\/\/targetaventura.com.br\/campanhas\/termos-de-uso\/","og_locale":"pt_BR","og_type":"article","og_title":"Termos de Uso - TARGET Trekking Tours","og_description":"pol\u00edticas termos de uso 1. Termos Ao acessar ao site TARGET Ecoturismo, concorda em cumprir estes termos de servi\u00e7o, todas as leis e regulamentos aplic\u00e1veis \u200b\u200be concorda que \u00e9 respons\u00e1vel pelo cumprimento de todas as leis locais aplic\u00e1veis. Se voc\u00ea n\u00e3o concordar com algum desses termos, est\u00e1 proibido de usar ou acessar este site. Os [&hellip;]","og_url":"https:\/\/targetaventura.com.br\/campanhas\/termos-de-uso\/","og_site_name":"TARGET Trekking Tours","article_publisher":"https:\/\/www.facebook.com\/targettrekking","article_modified_time":"2022-01-16T14:00:17+00:00","og_image":[{"url":"https:\/\/targetaventura.com.br\/campanhas\/wp-content\/uploads\/2022\/01\/logo.jpg","type":"","width":"","height":""}],"twitter_card":"summary_large_image","twitter_misc":{"Est. tempo de leitura":"3 minutos"},"schema":{"@context":"https:\/\/schema.org","@graph":[{"@type":"WebPage","@id":"https:\/\/targetaventura.com.br\/campanhas\/termos-de-uso\/","url":"https:\/\/targetaventura.com.br\/campanhas\/termos-de-uso\/","name":"Termos de Uso - TARGET Trekking Tours","isPartOf":{"@id":"https:\/\/targetaventura.com.br\/campanhas\/#website"},"primaryImageOfPage":{"@id":"https:\/\/targetaventura.com.br\/campanhas\/termos-de-uso\/#primaryimage"},"image":{"@id":"https:\/\/targetaventura.com.br\/campanhas\/termos-de-uso\/#primaryimage"},"thumbnailUrl":"https:\/\/targetaventura.com.br\/campanhas\/wp-content\/uploads\/2022\/01\/logo.jpg","datePublished":"2022-01-16T13:57:56+00:00","dateModified":"2022-01-16T14:00:17+00:00","breadcrumb":{"@id":"https:\/\/targetaventura.com.br\/campanhas\/termos-de-uso\/#breadcrumb"},"inLanguage":"pt-BR","potentialAction":[{"@type":"ReadAction","target":["https:\/\/targetaventura.com.br\/campanhas\/termos-de-uso\/"]}]},{"@type":"ImageObject","inLanguage":"pt-BR","@id":"https:\/\/targetaventura.com.br\/campanhas\/termos-de-uso\/#primaryimage","url":"https:\/\/targetaventura.com.br\/campanhas\/wp-content\/uploads\/2022\/01\/logo.jpg","contentUrl":"https:\/\/targetaventura.com.br\/campanhas\/wp-content\/uploads\/2022\/01\/logo.jpg","width":800,"height":800},{"@type":"BreadcrumbList","@id":"https:\/\/targetaventura.com.br\/campanhas\/termos-de-uso\/#breadcrumb","itemListElement":[{"@type":"ListItem","position":1,"name":"In\u00edcio","item":"https:\/\/targetaventura.com.br\/campanhas\/"},{"@type":"ListItem","position":2,"name":"Termos de Uso"}]},{"@type":"WebSite","@id":"https:\/\/targetaventura.com.br\/campanhas\/#website","url":"https:\/\/targetaventura.com.br\/campanhas\/","name":"TARGET Trekking Tours","description":"","publisher":{"@id":"https:\/\/targetaventura.com.br\/campanhas\/#organization"},"potentialAction":[{"@type":"SearchAction","target":{"@type":"EntryPoint","urlTemplate":"https:\/\/targetaventura.com.br\/campanhas\/?s={search_term_string}"},"query-input":{"@type":"PropertyValueSpecification","valueRequired":true,"valueName":"search_term_string"}}],"inLanguage":"pt-BR"},{"@type":"Organization","@id":"https:\/\/targetaventura.com.br\/campanhas\/#organization","name":"TARGET Trekking Tours","url":"https:\/\/targetaventura.com.br\/campanhas\/","logo":{"@type":"ImageObject","inLanguage":"pt-BR","@id":"https:\/\/targetaventura.com.br\/campanhas\/#\/schema\/logo\/image\/","url":"https:\/\/targetaventura.com.br\/campanhas\/wp-content\/uploads\/2024\/12\/Logo-Target-Trekking-Tours-Verde-Escuro-fundo-Verde-Claro.png","contentUrl":"https:\/\/targetaventura.com.br\/campanhas\/wp-content\/uploads\/2024\/12\/Logo-Target-Trekking-Tours-Verde-Escuro-fundo-Verde-Claro.png","width":1135,"height":1134,"caption":"TARGET Trekking Tours"},"image":{"@id":"https:\/\/targetaventura.com.br\/campanhas\/#\/schema\/logo\/image\/"},"sameAs":["https:\/\/www.facebook.com\/targettrekking","https:\/\/www.instagram.com\/targettrekking\/","https:\/\/www.youtube.com\/targetaventura","https:\/\/www.tiktok.com\/@targetaventura?_t=8iTjWhP936U&_r=1","https:\/\/open.spotify.com\/playlist\/0rc7qrXuu7622CjNLucShx?si=cxMYkXhZQEOdi7LoEtSsWg&pi=u-i0lzhwRFTx2F","http:\/\/bit.ly\/TripAdvTARGET"]}]}},"_links":{"self":[{"href":"https:\/\/targetaventura.com.br\/campanhas\/wp-json\/wp\/v2\/pages\/296","targetHints":{"allow":["GET"]}}],"collection":[{"href":"https:\/\/targetaventura.com.br\/campanhas\/wp-json\/wp\/v2\/pages"}],"about":[{"href":"https:\/\/targetaventura.com.br\/campanhas\/wp-json\/wp\/v2\/types\/page"}],"author":[{"embeddable":true,"href":"https:\/\/targetaventura.com.br\/campanhas\/wp-json\/wp\/v2\/users\/1"}],"replies":[{"embeddable":true,"href":"https:\/\/targetaventura.com.br\/campanhas\/wp-json\/wp\/v2\/comments?post=296"}],"version-history":[{"count":7,"href":"https:\/\/targetaventura.com.br\/campanhas\/wp-json\/wp\/v2\/pages\/296\/revisions"}],"predecessor-version":[{"id":303,"href":"https:\/\/targetaventura.com.br\/campanhas\/wp-json\/wp\/v2\/pages\/296\/revisions\/303"}],"wp:attachment":[{"href":"https:\/\/targetaventura.com.br\/campanhas\/wp-json\/wp\/v2\/media?parent=296"}],"curies":[{"name":"wp","href":"https:\/\/api.w.org\/{rel}","templated":true}]}}